{"id":1080,"date":"2021-04-21T14:51:59","date_gmt":"2021-04-21T14:51:59","guid":{"rendered":"https:\/\/mjtoldosymas.com\/?page_id=1080"},"modified":"2021-05-11T15:55:43","modified_gmt":"2021-05-11T15:55:43","slug":"aussenjalousien","status":"publish","type":"page","link":"https:\/\/mjtoldosymas.com\/index.php\/aussenjalousien\/","title":{"rendered":"Aussenjalousien"},"content":{"rendered":"\t\t<div data-elementor-type=\"wp-post\" data-elementor-id=\"1080\" class=\"elementor elementor-1080\">\n\t\t\t\t\t\t<section class=\"elementor-section elementor-top-section elementor-element elementor-element-150a4ca5 elementor-section-boxed elementor-section-height-default elementor-section-height-default\" data-id=\"150a4ca5\" data-element_type=\"section\" data-e-type=\"section\">\n\t\t\t\t\t\t<div class=\"elementor-container elementor-column-gap-default\">\n\t\t\t\t\t<div class=\"elementor-column elementor-col-20 elementor-top-column elementor-element elementor-element-f93b679\" data-id=\"f93b679\" data-element_type=\"column\" data-e-type=\"column\">\n\t\t\t<div class=\"elementor-widget-wrap elementor-element-populated\">\n\t\t\t\t\t\t<div class=\"elementor-element elementor-element-30c3316 elementor-widget elementor-widget-image\" data-id=\"30c3316\" data-element_type=\"widget\" data-e-type=\"widget\" data-widget_type=\"image.default\">\n\t\t\t\t<div class=\"elementor-widget-container\">\n\t\t\t\t\t\t\t\t\t\t\t\t\t\t\t<img decoding=\"async\" width=\"449\" height=\"109\" src=\"https:\/\/mjtoldosymas.com\/wp-content\/uploads\/2021\/03\/cropped-Logo.png\" class=\"attachment-large size-large wp-image-394\" alt=\"\" srcset=\"https:\/\/mjtoldosymas.com\/wp-content\/uploads\/2021\/03\/cropped-Logo.png 449w, https:\/\/mjtoldosymas.com\/wp-content\/uploads\/2021\/03\/cropped-Logo-300x73.png 300w\" sizes=\"(max-width: 449px) 100vw, 449px\" \/>\t\t\t\t\t\t\t\t\t\t\t\t\t\t\t<\/div>\n\t\t\t\t<\/div>\n\t\t\t\t\t<\/div>\n\t\t<\/div>\n\t\t\t\t<div class=\"elementor-column elementor-col-20 elementor-top-column elementor-element elementor-element-6a0935a9\" data-id=\"6a0935a9\" data-element_type=\"column\" data-e-type=\"column\">\n\t\t\t<div class=\"elementor-widget-wrap elementor-element-populated\">\n\t\t\t\t\t\t<div class=\"elementor-element elementor-element-62a4d835 elementor-widget elementor-widget-nav-menu\" data-id=\"62a4d835\" data-element_type=\"widget\" data-e-type=\"widget\" data-widget_type=\"nav-menu.default\">\n\t\t\t\t<div class=\"elementor-widget-container\">\n\t\t\t\t\t \t\t\t\t<\/div>\n\t\t\t\t<\/div>\n\t\t\t\t\t<\/div>\n\t\t<\/div>\n\t\t\t\t<div class=\"elementor-column elementor-col-20 elementor-top-column elementor-element elementor-element-4b2b94\" data-id=\"4b2b94\" data-element_type=\"column\" data-e-type=\"column\">\n\t\t\t<div class=\"elementor-widget-wrap elementor-element-populated\">\n\t\t\t\t\t\t<div class=\"elementor-element elementor-element-732a143b elementor-hidden-phone elementor-widget elementor-widget-image\" data-id=\"732a143b\" data-element_type=\"widget\" data-e-type=\"widget\" data-widget_type=\"image.default\">\n\t\t\t\t<div class=\"elementor-widget-container\">\n\t\t\t\t\t\t\t\t\t\t\t\t\t\t\t\t<a href=\"https:\/\/mjtoldosymas.com\/index.php\/home\/\">\n\t\t\t\t\t\t\t<img fetchpriority=\"high\" decoding=\"async\" width=\"450\" height=\"332\" src=\"https:\/\/mjtoldosymas.com\/wp-content\/uploads\/2021\/04\/11589-bandera-inglesa.jpg\" class=\"attachment-large size-large wp-image-881\" alt=\"\" srcset=\"https:\/\/mjtoldosymas.com\/wp-content\/uploads\/2021\/04\/11589-bandera-inglesa.jpg 450w, https:\/\/mjtoldosymas.com\/wp-content\/uploads\/2021\/04\/11589-bandera-inglesa-300x221.jpg 300w\" sizes=\"(max-width: 450px) 100vw, 450px\" \/>\t\t\t\t\t\t\t\t<\/a>\n\t\t\t\t\t\t\t\t\t\t\t\t\t\t\t<\/div>\n\t\t\t\t<\/div>\n\t\t\t\t\t<\/div>\n\t\t<\/div>\n\t\t\t\t<div class=\"elementor-column elementor-col-20 elementor-top-column elementor-element elementor-element-68291dcb\" data-id=\"68291dcb\" data-element_type=\"column\" data-e-type=\"column\">\n\t\t\t<div class=\"elementor-widget-wrap elementor-element-populated\">\n\t\t\t\t\t\t<div class=\"elementor-element elementor-element-29c6ae46 elementor-hidden-phone elementor-widget elementor-widget-image\" data-id=\"29c6ae46\" data-element_type=\"widget\" data-e-type=\"widget\" data-widget_type=\"image.default\">\n\t\t\t\t<div class=\"elementor-widget-container\">\n\t\t\t\t\t\t\t\t\t\t\t\t\t\t\t\t<a href=\"https:\/\/mjtoldosymas.com\">\n\t\t\t\t\t\t\t<img decoding=\"async\" width=\"710\" height=\"444\" src=\"https:\/\/mjtoldosymas.com\/wp-content\/uploads\/2021\/04\/65faa97794888ee600f30b00f330c477.png\" class=\"attachment-large size-large wp-image-884\" alt=\"\" srcset=\"https:\/\/mjtoldosymas.com\/wp-content\/uploads\/2021\/04\/65faa97794888ee600f30b00f330c477.png 710w, https:\/\/mjtoldosymas.com\/wp-content\/uploads\/2021\/04\/65faa97794888ee600f30b00f330c477-300x188.png 300w\" sizes=\"(max-width: 710px) 100vw, 710px\" \/>\t\t\t\t\t\t\t\t<\/a>\n\t\t\t\t\t\t\t\t\t\t\t\t\t\t\t<\/div>\n\t\t\t\t<\/div>\n\t\t\t\t\t<\/div>\n\t\t<\/div>\n\t\t\t\t<div class=\"elementor-column elementor-col-20 elementor-top-column elementor-element elementor-element-1e1c085e\" data-id=\"1e1c085e\" data-element_type=\"column\" data-e-type=\"column\">\n\t\t\t<div class=\"elementor-widget-wrap elementor-element-populated\">\n\t\t\t\t\t\t<div class=\"elementor-element elementor-element-14037e55 elementor-hidden-phone elementor-widget elementor-widget-image\" data-id=\"14037e55\" data-element_type=\"widget\" data-e-type=\"widget\" data-widget_type=\"image.default\">\n\t\t\t\t<div class=\"elementor-widget-container\">\n\t\t\t\t\t\t\t\t\t\t\t\t\t\t\t\t<a href=\"https:\/\/mjtoldosymas.com\/index.php\/anfang\/\">\n\t\t\t\t\t\t\t<img loading=\"lazy\" decoding=\"async\" width=\"450\" height=\"253\" src=\"https:\/\/mjtoldosymas.com\/wp-content\/uploads\/2021\/04\/57897410-la-bandera-alemana-hd-de-fondo-la-bandera-de-alemania-ilustracion-3d.jpg\" class=\"attachment-large size-large wp-image-885\" alt=\"\" srcset=\"https:\/\/mjtoldosymas.com\/wp-content\/uploads\/2021\/04\/57897410-la-bandera-alemana-hd-de-fondo-la-bandera-de-alemania-ilustracion-3d.jpg 450w, https:\/\/mjtoldosymas.com\/wp-content\/uploads\/2021\/04\/57897410-la-bandera-alemana-hd-de-fondo-la-bandera-de-alemania-ilustracion-3d-300x169.jpg 300w\" sizes=\"(max-width: 450px) 100vw, 450px\" \/>\t\t\t\t\t\t\t\t<\/a>\n\t\t\t\t\t\t\t\t\t\t\t\t\t\t\t<\/div>\n\t\t\t\t<\/div>\n\t\t\t\t\t<\/div>\n\t\t<\/div>\n\t\t\t\t\t<\/div>\n\t\t<\/section>\n\t\t\t\t<section class=\"elementor-section elementor-top-section elementor-element elementor-element-6e12ac14 elementor-section-boxed elementor-section-height-default elementor-section-height-default\" data-id=\"6e12ac14\" data-element_type=\"section\" data-e-type=\"section\">\n\t\t\t\t\t\t<div class=\"elementor-container elementor-column-gap-default\">\n\t\t\t\t\t<div class=\"elementor-column elementor-col-100 elementor-top-column elementor-element elementor-element-49afec83\" data-id=\"49afec83\" data-element_type=\"column\" data-e-type=\"column\">\n\t\t\t<div class=\"elementor-widget-wrap elementor-element-populated\">\n\t\t\t\t\t\t<div class=\"elementor-element elementor-element-1cca790d elementor-widget elementor-widget-image\" data-id=\"1cca790d\" data-element_type=\"widget\" data-e-type=\"widget\" data-widget_type=\"image.default\">\n\t\t\t\t<div class=\"elementor-widget-container\">\n\t\t\t\t\t\t\t\t\t\t\t\t\t\t\t<img loading=\"lazy\" decoding=\"async\" width=\"365\" height=\"109\" src=\"https:\/\/mjtoldosymas.com\/wp-content\/uploads\/2021\/03\/estores.png\" class=\"attachment-large size-large wp-image-399\" alt=\"\" srcset=\"https:\/\/mjtoldosymas.com\/wp-content\/uploads\/2021\/03\/estores.png 365w, https:\/\/mjtoldosymas.com\/wp-content\/uploads\/2021\/03\/estores-300x90.png 300w\" sizes=\"(max-width: 365px) 100vw, 365px\" \/>\t\t\t\t\t\t\t\t\t\t\t\t\t\t\t<\/div>\n\t\t\t\t<\/div>\n\t\t\t\t\t<\/div>\n\t\t<\/div>\n\t\t\t\t\t<\/div>\n\t\t<\/section>\n\t\t\t\t<section class=\"elementor-section elementor-top-section elementor-element elementor-element-448e8862 elementor-section-boxed elementor-section-height-default elementor-section-height-default\" data-id=\"448e8862\" data-element_type=\"section\" data-e-type=\"section\">\n\t\t\t\t\t\t<div class=\"elementor-container elementor-column-gap-default\">\n\t\t\t\t\t<div class=\"elementor-column elementor-col-100 elementor-top-column elementor-element elementor-element-77f13c41\" data-id=\"77f13c41\" data-element_type=\"column\" data-e-type=\"column\">\n\t\t\t<div class=\"elementor-widget-wrap elementor-element-populated\">\n\t\t\t\t\t\t<div class=\"elementor-element elementor-element-11223976 elementor-widget elementor-widget-text-editor\" data-id=\"11223976\" data-element_type=\"widget\" data-e-type=\"widget\" data-widget_type=\"text-editor.default\">\n\t\t\t\t<div class=\"elementor-widget-container\">\n\t\t\t\t\t\t\t\t\t<p id=\"tw-target-text\" class=\"tw-data-text tw-text-large XcVN5d tw-ta\" dir=\"ltr\" data-placeholder=\"Traducci\u00f3n\"><span class=\"Y2IQFc\" lang=\"de\">Jalousien sind fest installierte Vorh\u00e4nge, die nach Ma\u00df und Geschmack des Kunden angefertigt werden. Je nach verwendetem System und Material, verleihen sie dem Raum eine dekorative und pers\u00f6nliche Note. Jalousien gibt es von blickdicht bis m\u00e4\u00dfig durchscheinend. Es gibt sie auch in Tag und Nachtversionen oder im sogenannten Screenlinetyp.<\/span><\/p>\t\t\t\t\t\t\t\t<\/div>\n\t\t\t\t<\/div>\n\t\t\t\t\t<\/div>\n\t\t<\/div>\n\t\t\t\t\t<\/div>\n\t\t<\/section>\n\t\t\t\t<section class=\"elementor-section elementor-top-section elementor-element elementor-element-32893c10 elementor-section-boxed elementor-section-height-default elementor-section-height-default\" data-id=\"32893c10\" data-element_type=\"section\" data-e-type=\"section\">\n\t\t\t\t\t\t<div class=\"elementor-container elementor-column-gap-default\">\n\t\t\t\t\t<div class=\"elementor-column elementor-col-100 elementor-top-column elementor-element elementor-element-d6e712d\" data-id=\"d6e712d\" data-element_type=\"column\" data-e-type=\"column\">\n\t\t\t<div class=\"elementor-widget-wrap elementor-element-populated\">\n\t\t\t\t\t\t<div class=\"elementor-element elementor-element-59c014f5 elementor-widget elementor-widget-heading\" data-id=\"59c014f5\" data-element_type=\"widget\" data-e-type=\"widget\" data-widget_type=\"heading.default\">\n\t\t\t\t<div class=\"elementor-widget-container\">\n\t\t\t\t\t<h2 class=\"elementor-heading-title elementor-size-default\">Bildergalerie jalousien<\/h2>\t\t\t\t<\/div>\n\t\t\t\t<\/div>\n\t\t\t\t\t<\/div>\n\t\t<\/div>\n\t\t\t\t\t<\/div>\n\t\t<\/section>\n\t\t\t\t<section class=\"elementor-section elementor-top-section elementor-element elementor-element-fda6e3e elementor-section-boxed elementor-section-height-default elementor-section-height-default\" data-id=\"fda6e3e\" data-element_type=\"section\" data-e-type=\"section\">\n\t\t\t\t\t\t<div class=\"elementor-container elementor-column-gap-default\">\n\t\t\t\t\t<div class=\"elementor-column elementor-col-33 elementor-top-column elementor-element elementor-element-2de9499f\" data-id=\"2de9499f\" data-element_type=\"column\" data-e-type=\"column\">\n\t\t\t<div class=\"elementor-widget-wrap elementor-element-populated\">\n\t\t\t\t\t\t<div class=\"elementor-element elementor-element-52fd66a8 elementor-widget elementor-widget-image\" data-id=\"52fd66a8\" data-element_type=\"widget\" data-e-type=\"widget\" data-widget_type=\"image.default\">\n\t\t\t\t<div class=\"elementor-widget-container\">\n\t\t\t\t\t\t\t\t\t\t\t\t\t\t\t\t<a href=\"https:\/\/mjtoldosymas.com\/wp-content\/uploads\/2021\/03\/Estores-y-cortinas-2.jpg\" data-elementor-open-lightbox=\"yes\" data-elementor-lightbox-title=\"Estores y cortinas\" data-e-action-hash=\"#elementor-action%3Aaction%3Dlightbox%26settings%3DeyJpZCI6MzIsInVybCI6Imh0dHBzOlwvXC9tanRvbGRvc3ltYXMuY29tXC93cC1jb250ZW50XC91cGxvYWRzXC8yMDIxXC8wM1wvRXN0b3Jlcy15LWNvcnRpbmFzLTIuanBnIn0%3D\">\n\t\t\t\t\t\t\t<img decoding=\"async\" src=\"https:\/\/mjtoldosymas.com\/wp-content\/uploads\/2021\/03\/Estores-y-cortinas-2.jpg\" title=\"Estores y cortinas\" alt=\"Estores y cortinas\" loading=\"lazy\" \/>\t\t\t\t\t\t\t\t<\/a>\n\t\t\t\t\t\t\t\t\t\t\t\t\t\t\t<\/div>\n\t\t\t\t<\/div>\n\t\t\t\t\t<\/div>\n\t\t<\/div>\n\t\t\t\t<div class=\"elementor-column elementor-col-33 elementor-top-column elementor-element elementor-element-22b32ad8\" data-id=\"22b32ad8\" data-element_type=\"column\" data-e-type=\"column\">\n\t\t\t<div class=\"elementor-widget-wrap elementor-element-populated\">\n\t\t\t\t\t\t<div class=\"elementor-element elementor-element-6485fe3b elementor-widget elementor-widget-image\" data-id=\"6485fe3b\" data-element_type=\"widget\" data-e-type=\"widget\" data-widget_type=\"image.default\">\n\t\t\t\t<div class=\"elementor-widget-container\">\n\t\t\t\t\t\t\t\t\t\t\t\t\t\t\t\t<a href=\"https:\/\/mjtoldosymas.com\/wp-content\/uploads\/2021\/03\/20200908_093831.jpg\" data-elementor-open-lightbox=\"yes\" data-elementor-lightbox-title=\"20200908_093831\" data-e-action-hash=\"#elementor-action%3Aaction%3Dlightbox%26settings%3DeyJpZCI6MjAyLCJ1cmwiOiJodHRwczpcL1wvbWp0b2xkb3N5bWFzLmNvbVwvd3AtY29udGVudFwvdXBsb2Fkc1wvMjAyMVwvMDNcLzIwMjAwOTA4XzA5MzgzMS5qcGcifQ%3D%3D\">\n\t\t\t\t\t\t\t<img decoding=\"async\" src=\"https:\/\/mjtoldosymas.com\/wp-content\/uploads\/2021\/03\/20200908_093831.jpg\" title=\"20200908_093831\" alt=\"20200908_093831\" loading=\"lazy\" \/>\t\t\t\t\t\t\t\t<\/a>\n\t\t\t\t\t\t\t\t\t\t\t\t\t\t\t<\/div>\n\t\t\t\t<\/div>\n\t\t\t\t\t<\/div>\n\t\t<\/div>\n\t\t\t\t<div class=\"elementor-column elementor-col-33 elementor-top-column elementor-element elementor-element-7655584c\" data-id=\"7655584c\" data-element_type=\"column\" data-e-type=\"column\">\n\t\t\t<div class=\"elementor-widget-wrap elementor-element-populated\">\n\t\t\t\t\t\t<div class=\"elementor-element elementor-element-59bf5f6c elementor-widget elementor-widget-image\" data-id=\"59bf5f6c\" data-element_type=\"widget\" data-e-type=\"widget\" data-widget_type=\"image.default\">\n\t\t\t\t<div class=\"elementor-widget-container\">\n\t\t\t\t\t\t\t\t\t\t\t\t\t\t\t\t<a href=\"https:\/\/mjtoldosymas.com\/wp-content\/uploads\/2021\/03\/20200908_093856.jpg\" data-elementor-open-lightbox=\"yes\" data-elementor-lightbox-title=\"20200908_093856\" data-e-action-hash=\"#elementor-action%3Aaction%3Dlightbox%26settings%3DeyJpZCI6MjAzLCJ1cmwiOiJodHRwczpcL1wvbWp0b2xkb3N5bWFzLmNvbVwvd3AtY29udGVudFwvdXBsb2Fkc1wvMjAyMVwvMDNcLzIwMjAwOTA4XzA5Mzg1Ni5qcGcifQ%3D%3D\">\n\t\t\t\t\t\t\t<img decoding=\"async\" src=\"https:\/\/mjtoldosymas.com\/wp-content\/uploads\/2021\/03\/20200908_093856.jpg\" title=\"20200908_093856\" alt=\"20200908_093856\" loading=\"lazy\" \/>\t\t\t\t\t\t\t\t<\/a>\n\t\t\t\t\t\t\t\t\t\t\t\t\t\t\t<\/div>\n\t\t\t\t<\/div>\n\t\t\t\t\t<\/div>\n\t\t<\/div>\n\t\t\t\t\t<\/div>\n\t\t<\/section>\n\t\t\t\t<section class=\"elementor-section elementor-top-section elementor-element elementor-element-2f600d67 elementor-section-boxed elementor-section-height-default elementor-section-height-default\" data-id=\"2f600d67\" data-element_type=\"section\" data-e-type=\"section\">\n\t\t\t\t\t\t<div class=\"elementor-container elementor-column-gap-default\">\n\t\t\t\t\t<div class=\"elementor-column elementor-col-33 elementor-top-column elementor-element elementor-element-7854a066\" data-id=\"7854a066\" data-element_type=\"column\" data-e-type=\"column\">\n\t\t\t<div class=\"elementor-widget-wrap elementor-element-populated\">\n\t\t\t\t\t\t<div class=\"elementor-element elementor-element-7217f1ce elementor-widget elementor-widget-image\" data-id=\"7217f1ce\" data-element_type=\"widget\" data-e-type=\"widget\" data-widget_type=\"image.default\">\n\t\t\t\t<div class=\"elementor-widget-container\">\n\t\t\t\t\t\t\t\t\t\t\t\t\t\t\t\t<a href=\"https:\/\/mjtoldosymas.com\/wp-content\/uploads\/2021\/03\/DSC_0012.jpg\" data-elementor-open-lightbox=\"yes\" data-elementor-lightbox-title=\"DSC_0012\" data-e-action-hash=\"#elementor-action%3Aaction%3Dlightbox%26settings%3DeyJpZCI6MjA0LCJ1cmwiOiJodHRwczpcL1wvbWp0b2xkb3N5bWFzLmNvbVwvd3AtY29udGVudFwvdXBsb2Fkc1wvMjAyMVwvMDNcL0RTQ18wMDEyLmpwZyJ9\">\n\t\t\t\t\t\t\t<img decoding=\"async\" src=\"https:\/\/mjtoldosymas.com\/wp-content\/uploads\/2021\/03\/DSC_0012.jpg\" title=\"DSC_0012\" alt=\"DSC_0012\" loading=\"lazy\" \/>\t\t\t\t\t\t\t\t<\/a>\n\t\t\t\t\t\t\t\t\t\t\t\t\t\t\t<\/div>\n\t\t\t\t<\/div>\n\t\t\t\t\t<\/div>\n\t\t<\/div>\n\t\t\t\t<div class=\"elementor-column elementor-col-33 elementor-top-column elementor-element elementor-element-4f89f652\" data-id=\"4f89f652\" data-element_type=\"column\" data-e-type=\"column\">\n\t\t\t<div class=\"elementor-widget-wrap elementor-element-populated\">\n\t\t\t\t\t\t<div class=\"elementor-element elementor-element-2c203d91 elementor-widget elementor-widget-image\" data-id=\"2c203d91\" data-element_type=\"widget\" data-e-type=\"widget\" data-widget_type=\"image.default\">\n\t\t\t\t<div class=\"elementor-widget-container\">\n\t\t\t\t\t\t\t\t\t\t\t\t\t\t\t\t<a href=\"https:\/\/mjtoldosymas.com\/wp-content\/uploads\/2021\/03\/DSC_0016.jpg\" data-elementor-open-lightbox=\"yes\" data-elementor-lightbox-title=\"DSC_0016\" data-e-action-hash=\"#elementor-action%3Aaction%3Dlightbox%26settings%3DeyJpZCI6MjA2LCJ1cmwiOiJodHRwczpcL1wvbWp0b2xkb3N5bWFzLmNvbVwvd3AtY29udGVudFwvdXBsb2Fkc1wvMjAyMVwvMDNcL0RTQ18wMDE2LmpwZyJ9\">\n\t\t\t\t\t\t\t<img decoding=\"async\" src=\"https:\/\/mjtoldosymas.com\/wp-content\/uploads\/2021\/03\/DSC_0016.jpg\" title=\"DSC_0016\" alt=\"DSC_0016\" loading=\"lazy\" \/>\t\t\t\t\t\t\t\t<\/a>\n\t\t\t\t\t\t\t\t\t\t\t\t\t\t\t<\/div>\n\t\t\t\t<\/div>\n\t\t\t\t\t<\/div>\n\t\t<\/div>\n\t\t\t\t<div class=\"elementor-column elementor-col-33 elementor-top-column elementor-element elementor-element-34b82e6c\" data-id=\"34b82e6c\" data-element_type=\"column\" data-e-type=\"column\">\n\t\t\t<div class=\"elementor-widget-wrap elementor-element-populated\">\n\t\t\t\t\t\t<div class=\"elementor-element elementor-element-7b5c775c elementor-widget elementor-widget-image\" data-id=\"7b5c775c\" data-element_type=\"widget\" data-e-type=\"widget\" data-widget_type=\"image.default\">\n\t\t\t\t<div class=\"elementor-widget-container\">\n\t\t\t\t\t\t\t\t\t\t\t\t\t\t\t\t<a href=\"https:\/\/mjtoldosymas.com\/wp-content\/uploads\/2021\/03\/IMG_20161104_120136.jpg\" data-elementor-open-lightbox=\"yes\" data-elementor-lightbox-title=\"IMG_20161104_120136\" data-e-action-hash=\"#elementor-action%3Aaction%3Dlightbox%26settings%3DeyJpZCI6NzYsInVybCI6Imh0dHBzOlwvXC9tanRvbGRvc3ltYXMuY29tXC93cC1jb250ZW50XC91cGxvYWRzXC8yMDIxXC8wM1wvSU1HXzIwMTYxMTA0XzEyMDEzNi5qcGcifQ%3D%3D\">\n\t\t\t\t\t\t\t<img decoding=\"async\" src=\"https:\/\/mjtoldosymas.com\/wp-content\/uploads\/2021\/03\/IMG_20161104_120136.jpg\" title=\"IMG_20161104_120136\" alt=\"IMG_20161104_120136\" loading=\"lazy\" \/>\t\t\t\t\t\t\t\t<\/a>\n\t\t\t\t\t\t\t\t\t\t\t\t\t\t\t<\/div>\n\t\t\t\t<\/div>\n\t\t\t\t\t<\/div>\n\t\t<\/div>\n\t\t\t\t\t<\/div>\n\t\t<\/section>\n\t\t\t\t<section class=\"elementor-section elementor-top-section elementor-element elementor-element-ae6c8ee elementor-section-boxed elementor-section-height-default elementor-section-height-default\" data-id=\"ae6c8ee\" data-element_type=\"section\" data-e-type=\"section\">\n\t\t\t\t\t\t<div class=\"elementor-container elementor-column-gap-default\">\n\t\t\t\t\t<div class=\"elementor-column elementor-col-33 elementor-top-column elementor-element elementor-element-1b117e11\" data-id=\"1b117e11\" data-element_type=\"column\" data-e-type=\"column\">\n\t\t\t<div class=\"elementor-widget-wrap elementor-element-populated\">\n\t\t\t\t\t\t<div class=\"elementor-element elementor-element-67bfa491 elementor-widget elementor-widget-image\" data-id=\"67bfa491\" data-element_type=\"widget\" data-e-type=\"widget\" data-widget_type=\"image.default\">\n\t\t\t\t<div class=\"elementor-widget-container\">\n\t\t\t\t\t\t\t\t\t\t\t\t\t\t\t\t<a href=\"https:\/\/mjtoldosymas.com\/wp-content\/uploads\/2021\/03\/IMG_20161104_120208.jpg\" data-elementor-open-lightbox=\"yes\" data-elementor-lightbox-title=\"IMG_20161104_120208\" data-e-action-hash=\"#elementor-action%3Aaction%3Dlightbox%26settings%3DeyJpZCI6MjA5LCJ1cmwiOiJodHRwczpcL1wvbWp0b2xkb3N5bWFzLmNvbVwvd3AtY29udGVudFwvdXBsb2Fkc1wvMjAyMVwvMDNcL0lNR18yMDE2MTEwNF8xMjAyMDguanBnIn0%3D\">\n\t\t\t\t\t\t\t<img decoding=\"async\" src=\"https:\/\/mjtoldosymas.com\/wp-content\/uploads\/2021\/03\/IMG_20161104_120208.jpg\" title=\"IMG_20161104_120208\" alt=\"IMG_20161104_120208\" loading=\"lazy\" \/>\t\t\t\t\t\t\t\t<\/a>\n\t\t\t\t\t\t\t\t\t\t\t\t\t\t\t<\/div>\n\t\t\t\t<\/div>\n\t\t\t\t\t<\/div>\n\t\t<\/div>\n\t\t\t\t<div class=\"elementor-column elementor-col-33 elementor-top-column elementor-element elementor-element-1c8d3934\" data-id=\"1c8d3934\" data-element_type=\"column\" data-e-type=\"column\">\n\t\t\t<div class=\"elementor-widget-wrap elementor-element-populated\">\n\t\t\t\t\t\t<div class=\"elementor-element elementor-element-7374c546 elementor-widget elementor-widget-image\" data-id=\"7374c546\" data-element_type=\"widget\" data-e-type=\"widget\" data-widget_type=\"image.default\">\n\t\t\t\t<div class=\"elementor-widget-container\">\n\t\t\t\t\t\t\t\t\t\t\t\t\t\t\t\t<a href=\"https:\/\/mjtoldosymas.com\/wp-content\/uploads\/2021\/03\/Estore-Screen-5.jpg\" data-elementor-open-lightbox=\"yes\" data-elementor-lightbox-title=\"Estore Screen\" data-e-action-hash=\"#elementor-action%3Aaction%3Dlightbox%26settings%3DeyJpZCI6NTMwLCJ1cmwiOiJodHRwczpcL1wvbWp0b2xkb3N5bWFzLmNvbVwvd3AtY29udGVudFwvdXBsb2Fkc1wvMjAyMVwvMDNcL0VzdG9yZS1TY3JlZW4tNS5qcGcifQ%3D%3D\">\n\t\t\t\t\t\t\t<img decoding=\"async\" src=\"https:\/\/mjtoldosymas.com\/wp-content\/uploads\/2021\/03\/Estore-Screen-5.jpg\" title=\"Estore Screen\" alt=\"Estore Screen\" loading=\"lazy\" \/>\t\t\t\t\t\t\t\t<\/a>\n\t\t\t\t\t\t\t\t\t\t\t\t\t\t\t<\/div>\n\t\t\t\t<\/div>\n\t\t\t\t\t<\/div>\n\t\t<\/div>\n\t\t\t\t<div class=\"elementor-column elementor-col-33 elementor-top-column elementor-element elementor-element-61d674d4\" data-id=\"61d674d4\" data-element_type=\"column\" data-e-type=\"column\">\n\t\t\t<div class=\"elementor-widget-wrap elementor-element-populated\">\n\t\t\t\t\t\t<div class=\"elementor-element elementor-element-4c725277 elementor-widget elementor-widget-image\" data-id=\"4c725277\" data-element_type=\"widget\" data-e-type=\"widget\" data-widget_type=\"image.default\">\n\t\t\t\t<div class=\"elementor-widget-container\">\n\t\t\t\t\t\t\t\t\t\t\t\t\t\t\t\t<a href=\"https:\/\/mjtoldosymas.com\/wp-content\/uploads\/2021\/03\/IMG_20170210_113717.jpg\" data-elementor-open-lightbox=\"yes\" data-elementor-lightbox-title=\"IMG_20170210_113717\" data-e-action-hash=\"#elementor-action%3Aaction%3Dlightbox%26settings%3DeyJpZCI6NTM0LCJ1cmwiOiJodHRwczpcL1wvbWp0b2xkb3N5bWFzLmNvbVwvd3AtY29udGVudFwvdXBsb2Fkc1wvMjAyMVwvMDNcL0lNR18yMDE3MDIxMF8xMTM3MTcuanBnIn0%3D\">\n\t\t\t\t\t\t\t<img decoding=\"async\" src=\"https:\/\/mjtoldosymas.com\/wp-content\/uploads\/2021\/03\/IMG_20170210_113717.jpg\" title=\"IMG_20170210_113717\" alt=\"IMG_20170210_113717\" loading=\"lazy\" \/>\t\t\t\t\t\t\t\t<\/a>\n\t\t\t\t\t\t\t\t\t\t\t\t\t\t\t<\/div>\n\t\t\t\t<\/div>\n\t\t\t\t\t<\/div>\n\t\t<\/div>\n\t\t\t\t\t<\/div>\n\t\t<\/section>\n\t\t\t\t<\/div>\n\t\t","protected":false},"excerpt":{"rendered":"<p>Jalousien sind fest installierte Vorh\u00e4nge, die nach Ma\u00df und Geschmack des Kunden angefertigt werden. Je nach verwendetem System und Material, verleihen sie dem Raum eine dekorative und pers\u00f6nliche Note. Jalousien gibt es von blickdicht bis m\u00e4\u00dfig durchscheinend. Es gibt sie auch in Tag und Nachtversionen oder im sogenannten Screenlinetyp. Bildergalerie jalousien<\/p>\n","protected":false},"author":1,"featured_media":0,"parent":0,"menu_order":0,"comment_status":"closed","ping_status":"closed","template":"","meta":{"site-sidebar-layout":"no-sidebar","site-content-layout":"page-builder","ast-site-content-layout":"default","site-content-style":"default","site-sidebar-style":"default","ast-global-header-display":"","ast-banner-title-visibility":"","ast-main-header-display":"","ast-hfb-above-header-display":"","ast-hfb-below-header-display":"","ast-hfb-mobile-header-display":"","site-post-title":"disabled","ast-breadcrumbs-content":"","ast-featured-img":"disabled","footer-sml-layout":"","ast-disable-related-posts":"","theme-transparent-header-meta":"default","adv-header-id-meta":"","stick-header-meta":"","header-above-stick-meta":"","header-main-stick-meta":"","header-below-stick-meta":"","astra-migrate-meta-layouts":"default","ast-page-background-enabled":"default","ast-page-background-meta":{"desktop":{"background-color":"","background-image":"","background-repeat":"repeat","background-position":"center center","background-size":"auto","background-attachment":"scroll","background-type":"","background-media":"","overlay-type":"","overlay-color":"","overlay-opacity":"","overlay-gradient":""},"tablet":{"background-color":"","background-image":"","background-repeat":"repeat","background-position":"center center","background-size":"auto","background-attachment":"scroll","background-type":"","background-media":"","overlay-type":"","overlay-color":"","overlay-opacity":"","overlay-gradient":""},"mobile":{"background-color":"","background-image":"","background-repeat":"repeat","background-position":"center center","background-size":"auto","background-attachment":"scroll","background-type":"","background-media":"","overlay-type":"","overlay-color":"","overlay-opacity":"","overlay-gradient":""}},"ast-content-background-meta":{"desktop":{"background-color":"var(--ast-global-color-5)","background-image":"","background-repeat":"repeat","background-position":"center center","background-size":"auto","background-attachment":"scroll","background-type":"","background-media":"","overlay-type":"","overlay-color":"","overlay-opacity":"","overlay-gradient":""},"tablet":{"background-color":"var(--ast-global-color-5)","background-image":"","background-repeat":"repeat","background-position":"center center","background-size":"auto","background-attachment":"scroll","background-type":"","background-media":"","overlay-type":"","overlay-color":"","overlay-opacity":"","overlay-gradient":""},"mobile":{"background-color":"var(--ast-global-color-5)","background-image":"","background-repeat":"repeat","background-position":"center center","background-size":"auto","background-attachment":"scroll","background-type":"","background-media":"","overlay-type":"","overlay-color":"","overlay-opacity":"","overlay-gradient":""}},"footnotes":""},"class_list":["post-1080","page","type-page","status-publish","hentry"],"_links":{"self":[{"href":"https:\/\/mjtoldosymas.com\/index.php\/wp-json\/wp\/v2\/pages\/1080","targetHints":{"allow":["GET"]}}],"collection":[{"href":"https:\/\/mjtoldosymas.com\/index.php\/wp-json\/wp\/v2\/pages"}],"about":[{"href":"https:\/\/mjtoldosymas.com\/index.php\/wp-json\/wp\/v2\/types\/page"}],"author":[{"embeddable":true,"href":"https:\/\/mjtoldosymas.com\/index.php\/wp-json\/wp\/v2\/users\/1"}],"replies":[{"embeddable":true,"href":"https:\/\/mjtoldosymas.com\/index.php\/wp-json\/wp\/v2\/comments?post=1080"}],"version-history":[{"count":10,"href":"https:\/\/mjtoldosymas.com\/index.php\/wp-json\/wp\/v2\/pages\/1080\/revisions"}],"predecessor-version":[{"id":1234,"href":"https:\/\/mjtoldosymas.com\/index.php\/wp-json\/wp\/v2\/pages\/1080\/revisions\/1234"}],"wp:attachment":[{"href":"https:\/\/mjtoldosymas.com\/index.php\/wp-json\/wp\/v2\/media?parent=1080"}],"curies":[{"name":"wp","href":"https:\/\/api.w.org\/{rel}","templated":true}]}}